{"id":23175,"date":"2022-12-12T00:30:13","date_gmt":"2022-12-11T23:30:13","guid":{"rendered":"https:\/\/www.listinoincloud.it\/gallonero\/?page_id=23175"},"modified":"2023-04-18T16:26:18","modified_gmt":"2023-04-18T14:26:18","slug":"prenotazioni","status":"publish","type":"page","link":"https:\/\/www.listinoincloud.it\/gallonero\/prenotazioni\/","title":{"rendered":"Prenotazioni"},"content":{"rendered":"<section data-vc-full-width=\"true\" data-vc-full-width-init=\"false\" data-vc-stretch-content=\"true\" class=\"vc_row wpb_row vc_row-fluid  vc_custom_1514959554872 pofo-stretch-content vc_row-no-padding\"><div class=\"wpb_column vc_column_container vc_col-sm-12  col-xs-mobile-fullwidth\"><div class=\"vc_column-inner \"><div class=\"wpb_wrapper\"><div id=\"pofo-image-slider-1\" class=\"swiper-container height-100 width-100 pofo-image-style1 pofo-image-slider-1  white-move pofo-slider8 pofo-slider8-1\"><div class=\"swiper-wrapper\"><div class=\"swiper-slide cover-background bg-image-srcset\" style=\"background-image:url(https:\/\/www.listinoincloud.it\/gallonero\/wp-content\/uploads\/2022\/12\/slider-prenotazioni.jpg)\" data-bg-srcset=\"https:\/\/www.listinoincloud.it\/gallonero\/wp-content\/uploads\/2022\/12\/slider-prenotazioni.jpg 2500w, https:\/\/www.listinoincloud.it\/gallonero\/wp-content\/uploads\/2022\/12\/slider-prenotazioni-300x173.jpg 300w, https:\/\/www.listinoincloud.it\/gallonero\/wp-content\/uploads\/2022\/12\/slider-prenotazioni-1024x589.jpg 1024w, https:\/\/www.listinoincloud.it\/gallonero\/wp-content\/uploads\/2022\/12\/slider-prenotazioni-768x442.jpg 768w, https:\/\/www.listinoincloud.it\/gallonero\/wp-content\/uploads\/2022\/12\/slider-prenotazioni-1536x884.jpg 1536w, https:\/\/www.listinoincloud.it\/gallonero\/wp-content\/uploads\/2022\/12\/slider-prenotazioni-2048x1178.jpg 2048w, https:\/\/www.listinoincloud.it\/gallonero\/wp-content\/uploads\/2022\/12\/slider-prenotazioni-1200x690.jpg 1200w, https:\/\/www.listinoincloud.it\/gallonero\/wp-content\/uploads\/2022\/12\/slider-prenotazioni-81x47.jpg 81w, https:\/\/www.listinoincloud.it\/gallonero\/wp-content\/uploads\/2022\/12\/slider-prenotazioni-600x345.jpg 600w\"><div class=\"bg-black bg-overlay\" style=\"opacity:0.2; \"><\/div><div class=\"container position-relative full-screen\"><div class=\"slider-typography text-center\"><div class=\"slider-text-middle-main\"><div class=\"slider-text-middle\"><div class=\"alt-font text-white font-weight-600 letter-spacing-minus-1 margin-three-bottom center-col sm-margin-four-bottom xs-margin-five-bottom xs-letter-spacing-0 word-wrap width-60 md-width-80 xs-width-90 title-medium\">Richiedi disponibilit\u00e0<\/div><\/div><\/div><\/div><\/div><\/div><\/div><div class=\"swiper-pagination  swiper-pagination-white swiper-pagination-1\"><\/div><\/div><\/div><\/div><\/div><\/section><div class=\"vc_row-full-width vc_clearfix\"><\/div><section data-vc-full-width=\"true\" data-vc-full-width-init=\"false\" class=\"vc_row wpb_row vc_row-fluid  vc_custom_1665524266353 wow fadeIn pofo-stretch-content pofo-stretch-row-container\"><div class=\"wpb_column vc_column_container vc_col-sm-12  col-xs-mobile-fullwidth\"><div class=\"vc_column-inner \"><div class=\"wpb_wrapper\"><div class=\"vc_row wpb_row vc_inner vc_row-fluid  vc_custom_1668357863807\"><div class=\"wpb_column vc_column_container vc_col-sm-12  col-xs-mobile-fullwidth\"><div class=\"vc_column-inner \"><div class=\"wpb_wrapper\"><div class=\"wpcf7 no-js\" id=\"wpcf7-f23247-o1\" lang=\"en-US\" dir=\"ltr\">\n<div class=\"screen-reader-response\"><p role=\"status\" aria-live=\"polite\" aria-atomic=\"true\"><\/p> <ul><\/ul><\/div>\n<form action=\"\/gallonero\/wp-json\/wp\/v2\/pages\/23175#wpcf7-f23247-o1\" method=\"post\" class=\"wpcf7-form init\" aria-label=\"Contact form\" novalidate=\"novalidate\" data-status=\"init\">\n<div style=\"display: none;\">\n<input type=\"hidden\" name=\"_wpcf7\" value=\"23247\" \/>\n<input type=\"hidden\" name=\"_wpcf7_version\" value=\"5.7\" \/>\n<input type=\"hidden\" name=\"_wpcf7_locale\" value=\"en_US\" \/>\n<input type=\"hidden\" name=\"_wpcf7_unit_tag\" value=\"wpcf7-f23247-o1\" \/>\n<input type=\"hidden\" name=\"_wpcf7_container_post\" value=\"0\" \/>\n<input type=\"hidden\" name=\"_wpcf7_posted_data_hash\" value=\"\" \/>\n<\/div>\n<p class=\"tit_max\" style=\"text-align:center;\">Compila il form per prenotare\n<\/p>\n<div class=\"col-md-12\">\n\t<p><br \/>\n\t<\/p>\n\t<p class=\"tit_max\" style=\"text-align:center; font-size:20px;\">In base alla disponibilit\u00e0 \u00e8 possibile scegliere l\u2019alloggio di tua preferenza<br \/>\nprevio contatto con lo staff dell'agriturismo.\n\t<\/p>\n\t<p><br \/>\n\t<\/p>\n\t<div style=\"display: flex;\">\n\t\t<div class=\"inn2\">\n\t\t\t<p><br \/>\n<img src=\"\/gallonero\/wp-content\/uploads\/2023\/03\/cam01.png\" style=\"    width: 148px;\" \/><br \/>\n<span class=\"wpcf7-form-control-wrap\" data-name=\"contact-messa\"><span class=\"wpcf7-form-control wpcf7-checkbox inn1\"><span class=\"wpcf7-list-item first last\"><label><input type=\"checkbox\" name=\"contact-messa[]\" value=\"Appartamento 1\" tabindex=\"\" \/><span class=\"wpcf7-list-item-label\">Appartamento 1<\/span><\/label><\/span><\/span><\/span><br \/>\n\t\t\t<\/p>\n\t\t<\/div>\n\t\t<p><br \/>\n\t\t<\/p>\n\t\t<div class=\"inn2\">\n\t\t\t<p><br \/>\n<img src=\"\/gallonero\/wp-content\/uploads\/2023\/03\/cam02.png\" style=\"    width: 148px;\" \/><br \/>\n<span class=\"wpcf7-form-control-wrap\" data-name=\"contact-messa\"><span class=\"wpcf7-form-control wpcf7-checkbox inn1\"><span class=\"wpcf7-list-item first last\"><label><input type=\"checkbox\" name=\"contact-messa[]\" value=\"Camera 2\" tabindex=\"\" \/><span class=\"wpcf7-list-item-label\">Camera 2<\/span><\/label><\/span><\/span><\/span><br \/>\n\t\t\t<\/p>\n\t\t<\/div>\n\t\t<p><br \/>\n\t\t<\/p>\n\t\t<div class=\"inn2\">\n\t\t\t<p><br \/>\n<img src=\"\/gallonero\/wp-content\/uploads\/2023\/03\/cam03.png\" style=\"    width: 148px;\" \/><br \/>\n<span class=\"wpcf7-form-control-wrap\" data-name=\"contact-messa\"><span class=\"wpcf7-form-control wpcf7-checkbox inn1\"><span class=\"wpcf7-list-item first last\"><label><input type=\"checkbox\" name=\"contact-messa[]\" value=\"Appartamento 3\" tabindex=\"\" \/><span class=\"wpcf7-list-item-label\">Appartamento 3<\/span><\/label><\/span><\/span><\/span><br \/>\n\t\t\t<\/p>\n\t\t<\/div>\n\t\t<p><br \/>\n\t\t<\/p>\n\t\t<div class=\"inn2\">\n\t\t\t<p><br \/>\n<img src=\"\/gallonero\/wp-content\/uploads\/2023\/03\/cam04.png\" style=\"    width: 148px;\" \/><br \/>\n<span class=\"wpcf7-form-control-wrap\" data-name=\"contact-messa\"><span class=\"wpcf7-form-control wpcf7-checkbox inn1\"><span class=\"wpcf7-list-item first last\"><label><input type=\"checkbox\" name=\"contact-messa[]\" value=\"Camera 4\" tabindex=\"\" \/><span class=\"wpcf7-list-item-label\">Camera 4<\/span><\/label><\/span><\/span><\/span><br \/>\n\t\t\t<\/p>\n\t\t<\/div>\n\t\t<p><br \/>\n\t\t<\/p>\n\t\t<div class=\"inn2\">\n\t\t\t<p><br \/>\n<img src=\"\/gallonero\/wp-content\/uploads\/2023\/03\/cam05.png\" style=\"    width: 148px;\" \/><br \/>\n<span class=\"wpcf7-form-control-wrap\" data-name=\"contact-messa\"><span class=\"wpcf7-form-control wpcf7-checkbox inn1\"><span class=\"wpcf7-list-item first last\"><label><input type=\"checkbox\" name=\"contact-messa[]\" value=\"Camera 5\" tabindex=\"\" \/><span class=\"wpcf7-list-item-label\">Camera 5<\/span><\/label><\/span><\/span><\/span><br \/>\n\t\t\t<\/p>\n\t\t<\/div>\n\t\t<p><br \/>\n\t\t<\/p>\n\t\t<div class=\"inn2\">\n\t\t\t<p><br \/>\n<img src=\"\/gallonero\/wp-content\/uploads\/2023\/03\/cam06.png\" style=\"    width: 148px;\" \/><br \/>\n<span class=\"wpcf7-form-control-wrap\" data-name=\"contact-messa\"><span class=\"wpcf7-form-control wpcf7-checkbox inn1\"><span class=\"wpcf7-list-item first last\"><label><input type=\"checkbox\" name=\"contact-messa[]\" value=\"Camera 6\" tabindex=\"\" \/><span class=\"wpcf7-list-item-label\">Camera 6<\/span><\/label><\/span><\/span><\/span><br \/>\n\t\t\t<\/p>\n\t\t<\/div>\n\t\t<p><br \/>\n\t\t<\/p>\n\t\t<div class=\"inn2\">\n\t\t\t<p><br \/>\n<img src=\"\/gallonero\/wp-content\/uploads\/2023\/03\/cam07.png\" style=\"    width: 148px;\" \/><br \/>\n<span class=\"wpcf7-form-control-wrap\" data-name=\"contact-messa\"><span class=\"wpcf7-form-control wpcf7-checkbox inn1\"><span class=\"wpcf7-list-item first last\"><label><input type=\"checkbox\" name=\"contact-messa[]\" value=\"Appartamento 7\" tabindex=\"\" \/><span class=\"wpcf7-list-item-label\">Appartamento 7<\/span><\/label><\/span><\/span><\/span><br \/>\n\t\t\t<\/p>\n\t\t<\/div>\n\t<\/div>\n\t<p><br \/>\n\t<\/p>\n<\/div>\n<div class=\"col-md-6\">\n\t<p><span class=\"wpcf7-form-control-wrap\" data-name=\"contact-name\"><input size=\"40\" class=\"wpcf7-form-control wpcf7-text wpcf7-validates-as-required big-input\" aria-required=\"true\" aria-invalid=\"false\" placeholder=\"*Nome\" value=\"\" type=\"text\" name=\"contact-name\" \/><\/span>\n\t<\/p>\n<\/div>\n<div class=\"col-md-6\">\n\t<p><span class=\"wpcf7-form-control-wrap\" data-name=\"contact-email\"><input size=\"40\" class=\"wpcf7-form-control wpcf7-text wpcf7-email wpcf7-validates-as-required wpcf7-validates-as-email big-input\" aria-required=\"true\" aria-invalid=\"false\" placeholder=\"*E-mail\" value=\"\" type=\"email\" name=\"contact-email\" \/><\/span>\n\t<\/p>\n<\/div>\n<div class=\"col-md-6\">\n\t<p><span class=\"wpcf7-form-control-wrap\" data-name=\"contact-telefono\"><input size=\"40\" class=\"wpcf7-form-control wpcf7-text wpcf7-validates-as-required big-input\" aria-required=\"true\" aria-invalid=\"false\" placeholder=\"*Telefono\" value=\"\" type=\"text\" name=\"contact-telefono\" \/><\/span>\n\t<\/p>\n<\/div>\n<div class=\"col-md-6\">\n\t<p><span class=\"wpcf7-form-control-wrap\" data-name=\"contact-citta\"><input size=\"40\" class=\"wpcf7-form-control wpcf7-text wpcf7-validates-as-required big-input\" aria-required=\"true\" aria-invalid=\"false\" placeholder=\"Citt\u00e0\" value=\"\" type=\"text\" name=\"contact-citta\" \/><\/span>\n\t<\/p>\n<\/div>\n<div class=\"col-md-6\">\n\t<p><label>Partenza<\/label><span class=\"wpcf7-form-control-wrap\" data-name=\"date-1\"><input class=\"wpcf7-form-control wpcf7-date wpcf7-validates-as-date\" aria-invalid=\"false\" placeholder=\"Arrivo\" value=\"\" type=\"date\" name=\"date-1\" \/><\/span>\n\t<\/p>\n<\/div>\n<div class=\"col-md-6\">\n\t<p><label>Arrivo<\/label><span class=\"wpcf7-form-control-wrap\" data-name=\"date-1\"><input class=\"wpcf7-form-control wpcf7-date wpcf7-validates-as-date\" aria-invalid=\"false\" placeholder=\"Partenza\" value=\"\" type=\"date\" name=\"date-1\" \/><\/span>\n\t<\/p>\n<\/div>\n<p><br \/>\n<\/p>\n<div class=\"col-md-6\">\n\t<div class=\"col-md-6\">\n\t\t<p><label>Adulti<\/label><span class=\"wpcf7-form-control-wrap\" data-name=\"your-adulti\"><select class=\"wpcf7-form-control wpcf7-select wpcf7-validates-as-required\" aria-required=\"true\" aria-invalid=\"false\" name=\"your-adulti\"><option value=\"\">&#8212;Please choose an option&#8212;<\/option><option value=\"1\">1<\/option><option value=\"2\">2<\/option><option value=\"3\">3<\/option><option value=\"4\">4<\/option><option value=\"5\">5<\/option><option value=\"6\">6<\/option><option value=\"7\">7<\/option><option value=\"8\">8<\/option><\/select><\/span>\n\t\t<\/p>\n\t<\/div>\n\t<div class=\"col-md-6\">\n\t\t<p><label>Bambini<\/label><span class=\"wpcf7-form-control-wrap\" data-name=\"your-bambini\"><select class=\"wpcf7-form-control wpcf7-select wpcf7-validates-as-required\" aria-required=\"true\" aria-invalid=\"false\" name=\"your-bambini\"><option value=\"\">&#8212;Please choose an option&#8212;<\/option><option value=\"1\">1<\/option><option value=\"2\">2<\/option><option value=\"3\">3<\/option><option value=\"4\">4<\/option><option value=\"5\">5<\/option><option value=\"6\">6<\/option><option value=\"7\">7<\/option><option value=\"8\">8<\/option><\/select><\/span>\n\t\t<\/p>\n\t<\/div>\n\t<p><br \/>\n\t<\/p>\n<\/div>\n<div class=\"col-md-6\">\n\t<p><span class=\"wpcf7-form-control-wrap\" data-name=\"contact-message\"><textarea cols=\"40\" rows=\"3\" class=\"wpcf7-form-control wpcf7-textarea wpcf7-validates-as-required xs-margin-20px-bottom big-textarea\" aria-required=\"true\" aria-invalid=\"false\" placeholder=\"Comunica le tue sensibilit\u00e0 alimentari (es: celiaco - vegano ecc)\" name=\"contact-message\"><\/textarea><\/span>\n\t<\/p>\n<\/div>\n<p><br \/>\n<\/p>\n<div class=\"col-md-12\">\n\t<p><br \/>\n<span class=\"wpcf7-form-control-wrap\" data-name=\"contact-message\"><textarea cols=\"40\" rows=\"3\" class=\"wpcf7-form-control wpcf7-textarea wpcf7-validates-as-required xs-margin-20px-bottom big-textarea\" aria-required=\"true\" aria-invalid=\"false\" placeholder=\"Note\" name=\"contact-message\"><\/textarea><\/span><br \/>\n\t<\/p>\n<\/div>\n<div class=\"col-md-12 ttt\" style=\"text-align:right;\">\n\t<p>Cliccando su \u201cInvia\u201d accetto l\u2019Informativa sulla <a href=\"#\" target=\"_blank\">Privacy ed il trattamento dei dati personali.<\/a>\n\t<\/p>\n<\/div>\n<p><br \/>\n<\/p>\n<div class=\"col-md-12\">\n\t<p><br \/>\n<input class=\"wpcf7-form-control has-spinner wpcf7-submit btn btn-transparent-dark-gray btn-large\" type=\"submit\" value=\"Invia\" \/><br \/>\n\t<\/p>\n<\/div><div class=\"wpcf7-response-output\" aria-hidden=\"true\"><\/div><\/form><\/div><\/div><\/div><\/div><\/div><\/div><\/div><\/div><\/section><div class=\"vc_row-full-width vc_clearfix\"><\/div><section data-vc-full-width=\"true\" data-vc-full-width-init=\"false\" class=\"vc_row wpb_row vc_row-fluid  vc_custom_1670801612866 wow fadeIn vc_row-has-fill pofo-stretch-content pofo-stretch-row-container\"><div class=\"wpb_column vc_column_container vc_col-sm-12  col-xs-mobile-fullwidth\"><div class=\"vc_column-inner \"><div class=\"wpb_wrapper\"><div class=\"vc_row wpb_row vc_inner vc_row-fluid  vc_custom_1668357863807\"><div class=\"wpb_column vc_column_container vc_col-sm-2  col-xs-mobile-fullwidth\"><div class=\"vc_column-inner \"><div class=\"wpb_wrapper\"><\/div><\/div><\/div><div class=\"wpb_column vc_column_container vc_col-sm-8  col-xs-mobile-fullwidth\"><div class=\"vc_column-inner \"><div class=\"wpb_wrapper\"><div class=\" vc_custom_1670801629834 last-paragraph-no-margin pofo-text-block-responsive-69f3bf7b53739\" style=\"width: 100%;\"><p class=\"tit_info\" style=\"text-align: center;\">Informazioni utili<\/p>\n<\/div><\/div><\/div><\/div><div class=\"wpb_column vc_column_container vc_col-sm-2  col-xs-mobile-fullwidth\"><div class=\"vc_column-inner \"><div class=\"wpb_wrapper\"><\/div><\/div><\/div><\/div><div class=\"vc_row wpb_row vc_inner vc_row-fluid  vc_custom_1670804969561\"><div class=\"wpb_column vc_column_container vc_col-sm-4  col-xs-mobile-fullwidth text-center md-text-center sm-text-center xs-text-center\"><div class=\"vc_column-inner \"><div class=\"wpb_wrapper\"><div class=\"last-paragraph-no-margin\"><p><img decoding=\"async\" class=\"aligncenter\" style=\"margin-right: -1%; width: 88%;\" src=\"https:\/\/www.listinoincloud.it\/gallonero\/wp-content\/uploads\/2022\/12\/chiave.png\" \/><\/p>\n<\/div><div class=\" vc_custom_1670805243044 last-paragraph-no-margin pofo-text-block-responsive-69f3bf7b539af\" style=\"width: 100%;\"><p class=\"text_gallo4\" style=\"text-align: center;\">CHECK IN E CHECK OUT<\/p>\n<\/div><div class=\" vc_custom_1670805022152 last-paragraph-no-margin pofo-text-block-responsive-69f3bf7b53ad4\" style=\"width: 100%;\"><p class=\"text_gallo\" style=\"text-align: center;\">Dopo le ore 15:00 sono disponibili le chiavi per il ritiro. \u00c8 possibile un <strong>self check-in<\/strong> mediante delle cassette di sicurezza <strong>con codice fornitovi dallo staff<\/strong> dell\u2019agriturismo previo accordo.<\/p>\n<\/div><\/div><\/div><\/div><div class=\"wpb_column vc_column_container vc_col-sm-4  col-xs-mobile-fullwidth text-center md-text-center sm-text-center xs-text-center\"><div class=\"vc_column-inner vc_custom_1670804537432\"><div class=\"wpb_wrapper\"><div class=\"foto_pren last-paragraph-no-margin\"><p><img decoding=\"async\" class=\"aligncenter\" style=\"width: 88%; margin-left: 1%;\" src=\"https:\/\/www.listinoincloud.it\/gallonero\/wp-content\/uploads\/2023\/04\/colaz-1_mod.png\" \/><\/p>\n<\/div><div class=\" vc_custom_1670805252205 last-paragraph-no-margin pofo-text-block-responsive-69f3bf7b53c47\" style=\"width: 100%;\"><p class=\"text_gallo4\" style=\"text-align: center;\">COLAZIONI<\/p>\n<\/div><div class=\" vc_custom_1670805031985 last-paragraph-no-margin pofo-text-block-responsive-69f3bf7b53cf2\" style=\"width: 100%;\"><p class=\"text_gallo\" style=\"text-align: center;\">Il nostro staff \u00e8 attento alle vostre<strong> intolleranze alimentari<\/strong>. Qualora ci fosse la necessit\u00e0 di una dieta particolare vi chiediamo di <strong>farcelo presente al momento della prenotazione.<\/strong><\/p>\n<\/div><\/div><\/div><\/div><div class=\"wpb_column vc_column_container vc_col-sm-4  col-xs-mobile-fullwidth text-center md-text-center sm-text-center xs-text-center\"><div class=\"vc_column-inner vc_custom_1670804556650\"><div class=\"wpb_wrapper\"><div class=\"foto_pren last-paragraph-no-margin\"><p><img decoding=\"async\" class=\"aligncenter\" style=\"margin-right: -1%; width: 88%;\" src=\"https:\/\/www.listinoincloud.it\/gallonero\/wp-content\/uploads\/2022\/12\/libro-1.png\" \/><\/p>\n<\/div><div class=\" vc_custom_1670805266130 last-paragraph-no-margin pofo-text-block-responsive-69f3bf7b53e83\" style=\"width: 100%;\"><p class=\"text_gallo4\" style=\"text-align: center;\">PAGAMENTI<\/p>\n<\/div><div class=\" vc_custom_1670805044879 last-paragraph-no-margin pofo-text-block-responsive-69f3bf7b53f91\" style=\"width: 100%;\"><p class=\"text_gallo\" style=\"text-align: center;\">Per i soggiorni di medio lungo termine ed in alta stagione <strong>pu\u00f2 essere richiesto un acconto <\/strong>del 30% sul totale del soggiorno.<br \/>\nIn loco \u00e8 disponibile il servizio di pagamento POS.<\/p>\n<\/div><\/div><\/div><\/div><\/div><\/div><\/div><\/div><\/section><div class=\"vc_row-full-width vc_clearfix\"><\/div>\n","protected":false},"excerpt":{"rendered":"Richiedi disponibilit\u00e0 Compila il form per prenotare In base alla disponibilit\u00e0 \u00e8 possibile scegliere l\u2019alloggio di tua preferenza previo contatto con lo staff dell'agriturismo. Appartamento 1 Camera 2 Appartamento 3 Camera 4 Camera 5 Camera 6 Appartamento 7 Partenza Arrivo Adulti&#8212;Please choose an option&#8212;12345678 Bambini&#8212;Please choose an option&#8212;12345678 Cliccando su \u201cInvia\u201d accetto l\u2019Informativa sulla Privacy ed il trattamento dei dati personali. Informazioni utili CHECK IN E CHECK OUT Dopo le ore 15:00 sono disponibili le chiavi per il ritiro. \u00c8 possibile un self check-in mediante delle cassette di sicurezza con codice fornitovi dallo staff dell\u2019agriturismo previo accordo. COLAZIONI Il nostro staff \u00e8 attento alle vostre intolleranze alimentari. Qualora ci fosse la necessit\u00e0 di una dieta particolare vi chiediamo di farcelo presente al momento della prenotazione. PAGAMENTI Per i soggiorni di medio lungo termine ed in alta stagione pu\u00f2 essere richiesto un acconto del 30% sul totale del soggiorno. In loco \u00e8 disponibile il servizio di pagamento POS.","protected":false},"author":1,"featured_media":0,"parent":0,"menu_order":0,"comment_status":"closed","ping_status":"closed","template":"","meta":[],"_links":{"self":[{"href":"https:\/\/www.listinoincloud.it\/gallonero\/wp-json\/wp\/v2\/pages\/23175"}],"collection":[{"href":"https:\/\/www.listinoincloud.it\/gallonero\/wp-json\/wp\/v2\/pages"}],"about":[{"href":"https:\/\/www.listinoincloud.it\/gallonero\/wp-json\/wp\/v2\/types\/page"}],"author":[{"embeddable":true,"href":"https:\/\/www.listinoincloud.it\/gallonero\/wp-json\/wp\/v2\/users\/1"}],"replies":[{"embeddable":true,"href":"https:\/\/www.listinoincloud.it\/gallonero\/wp-json\/wp\/v2\/comments?post=23175"}],"version-history":[{"count":18,"href":"https:\/\/www.listinoincloud.it\/gallonero\/wp-json\/wp\/v2\/pages\/23175\/revisions"}],"predecessor-version":[{"id":23475,"href":"https:\/\/www.listinoincloud.it\/gallonero\/wp-json\/wp\/v2\/pages\/23175\/revisions\/23475"}],"wp:attachment":[{"href":"https:\/\/www.listinoincloud.it\/gallonero\/wp-json\/wp\/v2\/media?parent=23175"}],"curies":[{"name":"wp","href":"https:\/\/api.w.org\/{rel}","templated":true}]}}